{"id":31,"date":"2025-06-05T16:33:10","date_gmt":"2025-06-05T19:33:10","guid":{"rendered":"https:\/\/aglseeds.com\/?page_id=31"},"modified":"2025-06-12T22:40:36","modified_gmt":"2025-06-13T01:40:36","slug":"quem-somos","status":"publish","type":"page","link":"https:\/\/aglseeds.com\/en\/quem-somos\/","title":{"rendered":"About us"},"content":{"rendered":"<div data-elementor-type=\"wp-page\" data-elementor-id=\"31\" class=\"elementor elementor-31\">\n\t\t\t\t<div class=\"elementor-element elementor-element-c4159ea e-flex e-con-boxed e-con e-parent\" data-id=\"c4159ea\" data-element_type=\"container\" data-settings=\"{&quot;background_background&quot;:&quot;classic&quot;}\">\n\t\t\t\t\t<div class=\"e-con-inner\">\n\t\t\t\t<div class=\"elementor-element elementor-element-5152db3 elementor-widget elementor-widget-heading\" data-id=\"5152db3\" data-element_type=\"widget\" data-widget_type=\"heading.default\">\n\t\t\t\t<div class=\"elementor-widget-container\">\n\t\t\t\t\t<h2 class=\"elementor-heading-title elementor-size-default\">About us<\/h2>\t\t\t\t<\/div>\n\t\t\t\t<\/div>\n\t\t\t\t\t<\/div>\n\t\t\t\t<\/div>\n\t\t<div class=\"elementor-element elementor-element-bebfbb3 e-flex e-con-boxed e-con e-parent\" data-id=\"bebfbb3\" data-element_type=\"container\" data-settings=\"{&quot;background_background&quot;:&quot;classic&quot;}\">\n\t\t\t\t\t<div class=\"e-con-inner\">\n\t\t\t\t<div class=\"elementor-element elementor-element-ecc40b3 elementor-widget__width-initial elementor-widget elementor-widget-text-editor\" data-id=\"ecc40b3\" data-element_type=\"widget\" data-widget_type=\"text-editor.default\">\n\t\t\t\t<div class=\"elementor-widget-container\">\n\t\t\t\t\t\t\t\t\t<p>AGL Seeds is an expert in producing and marketing vegetable seeds, with a strategic focus on hybrids for the processing tomato industry. Our portfolio is engineered to deliver high agronomic performance, blending productivity and disease resistance with the qualities demanded by both growers and the processing industry.<\/p><p><br \/>As the official distributor of CVR Plant Breeding, a leading name in Brazilian plant breeding, AGL Seeds combines superior genetics with its own meticulous production standards. Every batch is processed with an absolute focus on purity, vigor, and physiological quality, ensuring that each variety's full yield potential reaches the grower intact.<\/p><p><br \/>At AGL Seeds, we believe the quality cycle is only complete when it's proven in the field. We work directly on the farm, conducting trials and validations of our hybrids in close partnership with growers and processing industry technicians. This hands-on technical support allows us to offer solutions with proven performance, precisely meeting the demands of the entire value chain.<\/p><p><br \/>Thus, AGL Seeds is positioned not merely as a seed supplier, but as a strategic partner committed to delivering technology, reliability, and profitability to the horticulture sector in Brazil.<\/p>\t\t\t\t\t\t\t\t<\/div>\n\t\t\t\t<\/div>\n\t\t\t\t\t<\/div>\n\t\t\t\t<\/div>\n\t\t<div class=\"elementor-element elementor-element-60cb6f5 e-con-full elementor-hidden-desktop elementor-hidden-tablet elementor-hidden-mobile e-flex e-con e-parent\" data-id=\"60cb6f5\" data-element_type=\"container\">\n\t\t\t\t<div class=\"elementor-element elementor-element-005c922 carrossel elementor-widget elementor-widget-image-carousel\" data-id=\"005c922\" data-element_type=\"widget\" data-settings=\"{&quot;slides_to_show&quot;:&quot;6&quot;,&quot;slides_to_scroll&quot;:&quot;1&quot;,&quot;navigation&quot;:&quot;none&quot;,&quot;autoplay_speed&quot;:0,&quot;speed&quot;:9000,&quot;slides_to_show_tablet&quot;:&quot;4&quot;,&quot;slides_to_show_mobile&quot;:&quot;2&quot;,&quot;autoplay&quot;:&quot;yes&quot;,&quot;infinite&quot;:&quot;yes&quot;}\" data-widget_type=\"image-carousel.default\">\n\t\t\t\t<div class=\"elementor-widget-container\">\n\t\t\t\t\t\t\t<div class=\"elementor-image-carousel-wrapper swiper\" role=\"region\" aria-roledescription=\"carousel\" aria-label=\"Carrossel de imagens\" dir=\"ltr\">\n\t\t\t<div class=\"elementor-image-carousel swiper-wrapper\" aria-live=\"off\">\n\t\t\t\t\t\t\t\t<div class=\"swiper-slide\" role=\"group\" aria-roledescription=\"slide\" aria-label=\"1 de 8\"><figure class=\"swiper-slide-inner\"><img decoding=\"async\" class=\"swiper-slide-image\" src=\"https:\/\/aglseeds.com\/wp-content\/uploads\/2025\/06\/agl8.webp\" alt=\"agl8\" \/><\/figure><\/div><div class=\"swiper-slide\" role=\"group\" aria-roledescription=\"slide\" aria-label=\"2 de 8\"><figure class=\"swiper-slide-inner\"><img decoding=\"async\" class=\"swiper-slide-image\" src=\"https:\/\/aglseeds.com\/wp-content\/uploads\/2025\/06\/agl7.webp\" alt=\"agl7\" \/><\/figure><\/div><div class=\"swiper-slide\" role=\"group\" aria-roledescription=\"slide\" aria-label=\"3 de 8\"><figure class=\"swiper-slide-inner\"><img decoding=\"async\" class=\"swiper-slide-image\" src=\"https:\/\/aglseeds.com\/wp-content\/uploads\/2025\/06\/agl6.webp\" alt=\"agl6\" \/><\/figure><\/div><div class=\"swiper-slide\" role=\"group\" aria-roledescription=\"slide\" aria-label=\"4 de 8\"><figure class=\"swiper-slide-inner\"><img decoding=\"async\" class=\"swiper-slide-image\" src=\"https:\/\/aglseeds.com\/wp-content\/uploads\/2025\/06\/agl5.webp\" alt=\"agl5\" \/><\/figure><\/div><div class=\"swiper-slide\" role=\"group\" aria-roledescription=\"slide\" aria-label=\"5 de 8\"><figure class=\"swiper-slide-inner\"><img decoding=\"async\" class=\"swiper-slide-image\" src=\"https:\/\/aglseeds.com\/wp-content\/uploads\/2025\/06\/agl4.webp\" alt=\"agl4\" \/><\/figure><\/div><div class=\"swiper-slide\" role=\"group\" aria-roledescription=\"slide\" aria-label=\"6 de 8\"><figure class=\"swiper-slide-inner\"><img decoding=\"async\" class=\"swiper-slide-image\" src=\"https:\/\/aglseeds.com\/wp-content\/uploads\/2025\/06\/agl3.webp\" alt=\"agl3\" \/><\/figure><\/div><div class=\"swiper-slide\" role=\"group\" aria-roledescription=\"slide\" aria-label=\"7 de 8\"><figure class=\"swiper-slide-inner\"><img decoding=\"async\" class=\"swiper-slide-image\" src=\"https:\/\/aglseeds.com\/wp-content\/uploads\/2025\/06\/agl2.webp\" alt=\"agl2\" \/><\/figure><\/div><div class=\"swiper-slide\" role=\"group\" aria-roledescription=\"slide\" aria-label=\"8 de 8\"><figure class=\"swiper-slide-inner\"><img decoding=\"async\" class=\"swiper-slide-image\" src=\"https:\/\/aglseeds.com\/wp-content\/uploads\/2025\/06\/agl1.webp\" alt=\"agl1\" \/><\/figure><\/div>\t\t\t<\/div>\n\t\t\t\t\t\t\t\n\t\t\t\t\t\t\t\t\t<\/div>\n\t\t\t\t\t\t<\/div>\n\t\t\t\t<\/div>\n\t\t\t\t<div class=\"elementor-element elementor-element-dd19a4c elementor-widget elementor-widget-html\" data-id=\"dd19a4c\" data-element_type=\"widget\" data-widget_type=\"html.default\">\n\t\t\t\t<div class=\"elementor-widget-container\">\n\t\t\t\t\t<style>\n    .swiper-wrapper{\n        -webkit-transition-timing-function: linear !important;\n        transition-timing-function: linear !important;\n    }\n<\/style>\t\t\t\t<\/div>\n\t\t\t\t<\/div>\n\t\t\t\t<\/div>\n\t\t\t\t<\/div>","protected":false},"excerpt":{"rendered":"<p>Quem somos A AGL Seeds \u00e9 especialista na produ\u00e7\u00e3o e comercializa\u00e7\u00e3o de sementes de hortali\u00e7as, com foco estrat\u00e9gico em h\u00edbridos de tomate para a ind\u00fastria de processamento. Seu portf\u00f3lio \u00e9 desenvolvido para entregar alto desempenho agron\u00f4mico, aliando produtividade, seguran\u00e7a fitossanit\u00e1ria e as qualidades exigidas pelo campo e pela ind\u00fastria. Como distribuidor oficial da CVR Plant [&hellip;]<\/p>","protected":false},"author":1,"featured_media":0,"parent":0,"menu_order":0,"comment_status":"closed","ping_status":"closed","template":"elementor_header_footer","meta":{"footnotes":""},"class_list":["post-31","page","type-page","status-publish","hentry"],"_links":{"self":[{"href":"https:\/\/aglseeds.com\/en\/wp-json\/wp\/v2\/pages\/31","targetHints":{"allow":["GET"]}}],"collection":[{"href":"https:\/\/aglseeds.com\/en\/wp-json\/wp\/v2\/pages"}],"about":[{"href":"https:\/\/aglseeds.com\/en\/wp-json\/wp\/v2\/types\/page"}],"author":[{"embeddable":true,"href":"https:\/\/aglseeds.com\/en\/wp-json\/wp\/v2\/users\/1"}],"replies":[{"embeddable":true,"href":"https:\/\/aglseeds.com\/en\/wp-json\/wp\/v2\/comments?post=31"}],"version-history":[{"count":34,"href":"https:\/\/aglseeds.com\/en\/wp-json\/wp\/v2\/pages\/31\/revisions"}],"predecessor-version":[{"id":379,"href":"https:\/\/aglseeds.com\/en\/wp-json\/wp\/v2\/pages\/31\/revisions\/379"}],"wp:attachment":[{"href":"https:\/\/aglseeds.com\/en\/wp-json\/wp\/v2\/media?parent=31"}],"curies":[{"name":"wp","href":"https:\/\/api.w.org\/{rel}","templated":true}]}}